{"id":204,"date":"2010-05-11T18:29:56","date_gmt":"2010-05-11T16:29:56","guid":{"rendered":"http:\/\/einblicke.andreashofmann.eu\/?page_id=204"},"modified":"2020-07-31T22:50:37","modified_gmt":"2020-07-31T20:50:37","slug":"archiv","status":"publish","type":"page","link":"https:\/\/eindruecke.achmnt.eu\/archiv\/","title":{"rendered":"Archiv"},"content":{"rendered":"<p>Die folgenden Rubriken werden nicht mehr weitergef\u00fchrt und enthalten nur noch in Ausnahmef\u00e4llen neue Beitr\u00e4ge:<\/p>\n<ul>\n<li><a href=\"\/category\/vabosh\">Alter Bahnhof Schlei\u00dfheim<\/a> (bis 03\/2020)<\/li>\n<li><a href=\"\/category\/erster-weltkrieg\">Erster Weltkrieg<\/a> (bis 04\/2020)<\/li>\n<li><a href=\"\/category\/ehumanities-elearning\">eHumanities \/ eLearning<\/a> ( bis 04\/2020)<\/li>\n<li><a href=\"\/category\/archiv\/aussichten\/\">aussichten<\/a> (bis 01\/2018)<\/li>\n<li><a href=\"\/category\/archiv\/prospectiva-imperialia\/\">Kaiserbiographien<\/a> (bis 01\/2018)<\/li>\n<li><a href=\"\/category\/archiv\/mediaevum-net\/\">mediaevum.net<\/a> (bis 12\/2017)<\/li>\n<li><a href=\"\/category\/archiv\/aventinum\/\">aventinum<\/a> (bis 12\/2017)<\/li>\n<li><a href=\"\/category\/archiv\/allgemeines\/\">Allgemeines<\/a> (bis 08\/2017)<\/li>\n<li><a href=\"\/category\/archiv\/altertum-mittelalter\/\">Altertum \/ Mittelalter<\/a> (bis 08\/2017)<\/li>\n<li><a href=\"\/category\/archiv\/archivreport\">Archivreport <\/a>(bis 06\/2017)<\/li>\n<li><a href=\"\/category\/archiv\/aventinus\/\">aventinus<\/a> (bis 07\/2016)<\/li>\n<li><a href=\"\/category\/archivreport\/jurisprudenz\/\">Jurisprudenz<\/a> (bis 01\/2016)<\/li>\n<li><a href=\"\/category\/archiv\/historicum-net\/\">historicum.net<\/a> (bis 12\/2011)<\/li>\n<\/ul>\n","protected":false},"excerpt":{"rendered":"<p>Die folgenden Rubriken werden nicht mehr weitergef\u00fchrt und enthalten nur noch in Ausnahmef\u00e4llen neue Beitr\u00e4ge: Alter Bahnhof Schlei\u00dfheim (bis 03\/2020) Erster Weltkrieg (bis 04\/2020) eHumanities \/ eLearning ( bis 04\/2020) aussichten (bis 01\/2018) Kaiserbiographien (bis 01\/2018) mediaevum.net (bis 12\/2017) aventinum <a href=\"https:\/\/eindruecke.achmnt.eu\/archiv\/\"> Read more&#8230;<\/a><\/p>\n","protected":false},"author":2,"featured_media":0,"parent":0,"menu_order":0,"comment_status":"closed","ping_status":"closed","template":"","meta":{"ngg_post_thumbnail":0,"footnotes":""},"class_list":["post-204","page","type-page","status-publish","hentry"],"jetpack_sharing_enabled":true,"_links":{"self":[{"href":"https:\/\/eindruecke.achmnt.eu\/wp-json\/wp\/v2\/pages\/204"}],"collection":[{"href":"https:\/\/eindruecke.achmnt.eu\/wp-json\/wp\/v2\/pages"}],"about":[{"href":"https:\/\/eindruecke.achmnt.eu\/wp-json\/wp\/v2\/types\/page"}],"author":[{"embeddable":true,"href":"https:\/\/eindruecke.achmnt.eu\/wp-json\/wp\/v2\/users\/2"}],"replies":[{"embeddable":true,"href":"https:\/\/eindruecke.achmnt.eu\/wp-json\/wp\/v2\/comments?post=204"}],"version-history":[{"count":7,"href":"https:\/\/eindruecke.achmnt.eu\/wp-json\/wp\/v2\/pages\/204\/revisions"}],"predecessor-version":[{"id":14053,"href":"https:\/\/eindruecke.achmnt.eu\/wp-json\/wp\/v2\/pages\/204\/revisions\/14053"}],"wp:attachment":[{"href":"https:\/\/eindruecke.achmnt.eu\/wp-json\/wp\/v2\/media?parent=204"}],"curies":[{"name":"wp","href":"https:\/\/api.w.org\/{rel}","templated":true}]}}