{"id":13791,"date":"2020-05-08T22:27:10","date_gmt":"2020-05-08T20:27:10","guid":{"rendered":"https:\/\/eindruecke.achmnt.eu\/?page_id=13791"},"modified":"2020-05-13T22:01:14","modified_gmt":"2020-05-13T20:01:14","slug":"2018-04-aussichten","status":"publish","type":"page","link":"https:\/\/eindruecke.achmnt.eu\/editorial\/2018-04-aussichten\/","title":{"rendered":"Editorial 2018-04 (aussichten)"},"content":{"rendered":"<div id=\"content\">\n<div class=\"entry\">\n<div id=\"post-9277\" class=\"post\">\n<p>Vor sieben Jahren gingen&nbsp;<strong>aussichten<\/strong>&nbsp;ans Netz als eine Plattform f\u00fcr Materialien zur Geschichte in Studium, Lehre und Forschung. Dementsprechend war das Profil von online bereitgestellten Fundst\u00fccken aus eigener oder fremder Provenienz gepr\u00e4gt. Vor f\u00fcnf Jahren entstand mit&nbsp;<b>\u203a<\/b>umsichten<b>\u2039<\/b>&nbsp;schlie\u00dflich eine eigene Kategorie zur Ortsgeschichte Schlei\u00dfheims, die als&nbsp;<b>\u203a<\/b>schleissheim.net<b>\u2039<\/b>&nbsp;zu einer Virtuellen Bibliothek zur Geschichte und Kultur des Ortes weiterentwickelt wird.&nbsp;<\/p>\n<p>Die Einteilung in zwischenzeitlich bis zu 15 Rubriken wich einer nunmehr pragmatischeren Herangehensweise.&nbsp;Die damit verbundene Verringerung der Beitragsdichte machte eine verst\u00e4rkte Profilierung erforderlich. Diese f\u00fchrte zu einer inhaltlichen Synthese von Neuester Geschichte, Bildungsgeschichte und Ortsgeschichte. Erhalten bleibt insbesondere die konkrete Herangehensweise in Form einer kommentierten Verzeichnung einschl\u00e4giger Internetressourcen.&nbsp;<\/p>\n<p>Oberschlei\u00dfheim, im April 2018<br \/>\n<em>Dr. Andreas C. Hofmann<\/em><\/p>\n<p>\u2014<\/p>\n<p><em><a href=\"http:\/\/dev.aussichten-online.net\/editorial-2013-04\/\">\u00bb Editorial April 2013<\/a><\/em><\/p>\n<\/div>\n<\/div>\n<\/div>\n","protected":false},"excerpt":{"rendered":"<p>Vor sieben Jahren gingen&nbsp;aussichten&nbsp;ans Netz als eine Plattform f\u00fcr Materialien zur Geschichte in Studium, Lehre und Forschung. Dementsprechend war das Profil von online bereitgestellten Fundst\u00fccken aus eigener oder fremder Provenienz gepr\u00e4gt. Vor f\u00fcnf Jahren entstand mit&nbsp;\u203aumsichten\u2039&nbsp;schlie\u00dflich eine eigene Kategorie zur <a href=\"https:\/\/eindruecke.achmnt.eu\/editorial\/2018-04-aussichten\/\"> Read more&#8230;<\/a><\/p>\n","protected":false},"author":1,"featured_media":0,"parent":10965,"menu_order":0,"comment_status":"closed","ping_status":"closed","template":"","meta":{"ngg_post_thumbnail":0,"footnotes":""},"class_list":["post-13791","page","type-page","status-publish","hentry"],"jetpack_sharing_enabled":true,"_links":{"self":[{"href":"https:\/\/eindruecke.achmnt.eu\/wp-json\/wp\/v2\/pages\/13791"}],"collection":[{"href":"https:\/\/eindruecke.achmnt.eu\/wp-json\/wp\/v2\/pages"}],"about":[{"href":"https:\/\/eindruecke.achmnt.eu\/wp-json\/wp\/v2\/types\/page"}],"author":[{"embeddable":true,"href":"https:\/\/eindruecke.achmnt.eu\/wp-json\/wp\/v2\/users\/1"}],"replies":[{"embeddable":true,"href":"https:\/\/eindruecke.achmnt.eu\/wp-json\/wp\/v2\/comments?post=13791"}],"version-history":[{"count":1,"href":"https:\/\/eindruecke.achmnt.eu\/wp-json\/wp\/v2\/pages\/13791\/revisions"}],"predecessor-version":[{"id":13792,"href":"https:\/\/eindruecke.achmnt.eu\/wp-json\/wp\/v2\/pages\/13791\/revisions\/13792"}],"up":[{"embeddable":true,"href":"https:\/\/eindruecke.achmnt.eu\/wp-json\/wp\/v2\/pages\/10965"}],"wp:attachment":[{"href":"https:\/\/eindruecke.achmnt.eu\/wp-json\/wp\/v2\/media?parent=13791"}],"curies":[{"name":"wp","href":"https:\/\/api.w.org\/{rel}","templated":true}]}}