{"id":1161,"date":"2011-04-02T22:13:02","date_gmt":"2011-04-02T20:13:02","guid":{"rendered":"http:\/\/www.einsichten-online.de\/?page_id=1161"},"modified":"2020-05-13T22:00:58","modified_gmt":"2020-05-13T20:00:58","slug":"2013-04","status":"publish","type":"page","link":"https:\/\/eindruecke.achmnt.eu\/editorial\/2013-04\/","title":{"rendered":"Editorial 2013-04 (einsichten)"},"content":{"rendered":"<p>Das Blog <em>einsichten. Kontextualisierung von Geschichte<\/em> verfolgt f\u00fcr die Zielgruppe der Studierenden und Wissenschaftler zwei inhaltliche Schienen:<\/p>\n<p>Erstens Informationen zu Feldern zu bieten, in welchen Geschichte <span style=\"text-decoration: underline;\">kontextualisiert<\/span> wird, wobei der wissenschaftliche Diskurs \u00fcberwiegend ausgenommen ist. Seien es die Kontextualisierung von Geschichte in Neuen Medien (E-Learning, Link-Hints, Lexikon zur Computergeschichte, mediaevum.net), beruflichen T\u00e4tigkeiten (Archivreport, Studium\/F\u00f6rderung\/Besch\u00e4ftigung) oder entfernteren Feldern (Politik\/Gesellschaft\/Recht, Wissenschaftsorganisation) &#8211; um einen Dreiklang zu nennen. Es erscheint sinnvoll und sogar notwendig, Beobachtungen festzuhalten, die Diskussion anzusto\u00dfen und teils die Provokation zu versuchen. Dar\u00fcber hinaus wird unter dem Schlagwort \u00bbdurchsichten. Transnationalisierung von Geschichte\u00ab aufgezeigt, in welchen Zusammenhang Trans\u00adnationalit\u00e4t und verwandte Konzepte neue Herangehensweisen an Geschichte erm\u00f6glichen.<\/p>\n<p>Zweitens werden <span style=\"text-decoration: underline;\">Einsichten<\/span> gegeben in die Arbeit anderer Portale und Plattformen, um den Vernetzungsgedanken zu pflegen. Dies geschieht durch Mitteilungen aus dem Bereich der Digitalen Geschichtswissenschaft, aventinus. Studentische Publikationsplattform Geschichte und aussichten. Perspektivierung von Geschichte sowie Kurzberichten \u00fcber die historische Arbeit der Friedrich-Ebert-Stiftung. Zum anderen versteht einsichten sich als Content-Multiplikator: Es wurde eigener Content an anderer Stelle zweitpubliziert (Link-Hints bei historicum.net [bis 04.04.2011]), sowie die Zweitpublikation externen Contents angestrebt (Beitr\u00e4ge von blog.elearninghistoricum.net unter E-Learning [bis 30.05.2011], ausgew\u00e4hlte Stellenanzeigen von H-Soz-u-Kult, Posting ausgew\u00e4hlter Internetressourcen aus der Sammlung mediaevistischer Internetressourcen von Leila Bargmann).<\/p>\n<p>Begr\u00fcndet wurde die Plattform im Mai 2010 als <em>einblicke. Geschichte im Kontext \u2013 ein offener Blog zur Geschichte im Kontext au\u00dferdiskursiver [bis Dezember 2010 au\u00dferwissenschaftlicher] Themenfelder. <\/em>Der kontinuierliche Zuwachs an Rubriken machte allerdings eine neue Konzeption notwendig, welcher durch die Namens\u00e4nderung Rechnung getragen wird.<\/p>\n<p>Oberschlei\u00dfheim\/M\u00fcnchen im April 2013 [<sup>1<\/sup>April 2011]<br \/>\n<em>Andreas C. Hofmann<\/em><\/p>\n<p>\u2014<\/p>\n<p><a href=\"http:\/\/www.einsichten-online.de\/datenschutz\" target=\"_blank\" rel=\"noopener noreferrer\">\u00bb<\/a><a title=\"Editorial Februar 2011\" href=\"https:\/\/eindruecke.achmnt.eu\/editorial\/editorial-2011-02\/\"> Editorial Februar 2011<\/a><\/p>\n","protected":false},"excerpt":{"rendered":"<p>Das Blog einsichten. Kontextualisierung von Geschichte verfolgt f\u00fcr die Zielgruppe der Studierenden und Wissenschaftler zwei inhaltliche Schienen: Erstens Informationen zu Feldern zu bieten, in welchen Geschichte kontextualisiert wird, wobei der wissenschaftliche Diskurs \u00fcberwiegend ausgenommen ist. Seien es die Kontextualisierung von <a href=\"https:\/\/eindruecke.achmnt.eu\/editorial\/2013-04\/\"> Read more&#8230;<\/a><\/p>\n","protected":false},"author":2,"featured_media":0,"parent":10965,"menu_order":0,"comment_status":"closed","ping_status":"closed","template":"","meta":{"ngg_post_thumbnail":0,"footnotes":""},"class_list":["post-1161","page","type-page","status-publish","hentry"],"jetpack_sharing_enabled":true,"_links":{"self":[{"href":"https:\/\/eindruecke.achmnt.eu\/wp-json\/wp\/v2\/pages\/1161"}],"collection":[{"href":"https:\/\/eindruecke.achmnt.eu\/wp-json\/wp\/v2\/pages"}],"about":[{"href":"https:\/\/eindruecke.achmnt.eu\/wp-json\/wp\/v2\/types\/page"}],"author":[{"embeddable":true,"href":"https:\/\/eindruecke.achmnt.eu\/wp-json\/wp\/v2\/users\/2"}],"replies":[{"embeddable":true,"href":"https:\/\/eindruecke.achmnt.eu\/wp-json\/wp\/v2\/comments?post=1161"}],"version-history":[{"count":4,"href":"https:\/\/eindruecke.achmnt.eu\/wp-json\/wp\/v2\/pages\/1161\/revisions"}],"predecessor-version":[{"id":13816,"href":"https:\/\/eindruecke.achmnt.eu\/wp-json\/wp\/v2\/pages\/1161\/revisions\/13816"}],"up":[{"embeddable":true,"href":"https:\/\/eindruecke.achmnt.eu\/wp-json\/wp\/v2\/pages\/10965"}],"wp:attachment":[{"href":"https:\/\/eindruecke.achmnt.eu\/wp-json\/wp\/v2\/media?parent=1161"}],"curies":[{"name":"wp","href":"https:\/\/api.w.org\/{rel}","templated":true}]}}