{"id":10965,"date":"2018-04-20T22:41:39","date_gmt":"2018-04-20T20:41:39","guid":{"rendered":"http:\/\/www.aussichten-online.net\/?page_id=9277"},"modified":"2020-05-13T22:12:59","modified_gmt":"2020-05-13T20:12:59","slug":"editorial","status":"publish","type":"page","link":"https:\/\/eindruecke.achmnt.eu\/editorial\/","title":{"rendered":"Editorial"},"content":{"rendered":"<p><strong><img loading=\"lazy\" decoding=\"async\" class=\"wp-image-13800 size-medium alignright\" src=\"https:\/\/eindruecke.achmnt.eu\/wp-content\/uploads\/2020\/05\/eindruecke-logo2-1-205x300.png\" alt=\"\" width=\"205\" height=\"300\"><\/strong>In den zehn Jahren seiner Existenz hat dieser Blog mehrere Umbenennungen erfahren, die etwas \u00fcber seine epistemische Weiterentwicklung aussagen. Zum Start im Mai 2010 sollte <em><strong>einblicke<\/strong> \u2013 Geschichte im Kontext<\/em> meine T\u00e4tigkeiten vorstellen, ohne in eine Behandlung wissenschaftlicher Diskurse einzutreten. Diese Trennung wurde nicht aufrecht erhalten, weshalb die im April 2011 erfolgte Umbenennung in <em><strong>einsichten <\/strong>\u2013 Kontextualisierung von Geschichte <\/em>einen theoretisch-reflexiveren Akzent im Profil vermittelte. Dass im September 2011 die pragmatisch-diskursiv und somit komplement\u00e4r ausgerichtete Schwesterplattform <em>aussichten \u2013 Perspektivierung von Geschichte<\/em> ans Netz ging, erm\u00f6glichte es einsichten, seinen roten Faden \u00fcber die Jahre beizubehalten.<\/p>\n<p>Die letzten zehn Jahre brachten Ver\u00e4nderungen in Familie, Beruf und Ehrenamt. Die daraus resultierenden, sich wandelnden Interessen haben Informationsmanagement, Geschichtswissenschaft und Kulturortschaftsgeschichte als Schwerpunkt. Da die Dichte fr\u00fcherer Beitr\u00e4ge nicht erreicht wird, werden beide Schwesterportale unter einem personell-diskursiven Fokus zu <em><strong>eindr\u00fccke<\/strong> <\/em>zusammengelegt.<\/p>\n<p>Oberschlei\u00dfheim im Mai 2020<br \/>\n<em>Dr. Andreas C. Hofmann<\/em><\/p>\n<p>\u2014<\/p>\n<p><strong>Fr\u00fchere Editorials<\/strong><\/p>\n<p><em>einsichten \/ einblicke<br \/>\n<\/em><a href=\"\/editorial\/2018-04\/\">2018-04<\/a> | <a href=\"\/editorial\/2013-04\/\">2013-04<\/a> | <a href=\"\/editorial\/2011-02\/\">2011-02<\/a> | <a href=\"\/editorial\/2010-05\/\">2010-05<\/a><\/p>\n<p><em>aussichten<br \/>\n<\/em><a href=\"\/editorial\/2018-04-aussichten\/\">2018-04<\/a> | <a href=\"\/editorial\/2013-04-aussichten\/\">2013-04<\/a> | <a href=\"\/editorial\/2011-07\/\">2011-07<\/a><\/p>\n","protected":false},"excerpt":{"rendered":"<p>In den zehn Jahren seiner Existenz hat dieser Blog mehrere Umbenennungen erfahren, die etwas \u00fcber seine epistemische Weiterentwicklung aussagen. Zum Start im Mai 2010 sollte einblicke \u2013 Geschichte im Kontext meine T\u00e4tigkeiten vorstellen, ohne in eine Behandlung wissenschaftlicher Diskurse einzutreten. <a href=\"https:\/\/eindruecke.achmnt.eu\/editorial\/\"> Read more&#8230;<\/a><\/p>\n","protected":false},"author":2,"featured_media":0,"parent":0,"menu_order":0,"comment_status":"closed","ping_status":"closed","template":"","meta":{"ngg_post_thumbnail":0,"footnotes":""},"class_list":["post-10965","page","type-page","status-publish","hentry"],"jetpack_sharing_enabled":true,"_links":{"self":[{"href":"https:\/\/eindruecke.achmnt.eu\/wp-json\/wp\/v2\/pages\/10965"}],"collection":[{"href":"https:\/\/eindruecke.achmnt.eu\/wp-json\/wp\/v2\/pages"}],"about":[{"href":"https:\/\/eindruecke.achmnt.eu\/wp-json\/wp\/v2\/types\/page"}],"author":[{"embeddable":true,"href":"https:\/\/eindruecke.achmnt.eu\/wp-json\/wp\/v2\/users\/2"}],"replies":[{"embeddable":true,"href":"https:\/\/eindruecke.achmnt.eu\/wp-json\/wp\/v2\/comments?post=10965"}],"version-history":[{"count":16,"href":"https:\/\/eindruecke.achmnt.eu\/wp-json\/wp\/v2\/pages\/10965\/revisions"}],"predecessor-version":[{"id":13827,"href":"https:\/\/eindruecke.achmnt.eu\/wp-json\/wp\/v2\/pages\/10965\/revisions\/13827"}],"wp:attachment":[{"href":"https:\/\/eindruecke.achmnt.eu\/wp-json\/wp\/v2\/media?parent=10965"}],"curies":[{"name":"wp","href":"https:\/\/api.w.org\/{rel}","templated":true}]}}